{"id":2256,"date":"2022-06-08T17:24:32","date_gmt":"2022-06-08T15:24:32","guid":{"rendered":"https:\/\/cpsystem2.kylos.pl\/hotelchinski.pl\/?page_id=2256"},"modified":"2022-07-19T09:50:36","modified_gmt":"2022-07-19T07:50:36","slug":"historia","status":"publish","type":"page","link":"https:\/\/hotelchinski.pl\/en\/history\/","title":{"rendered":"Our History"},"content":{"rendered":"<div data-elementor-type=\"wp-page\" data-elementor-id=\"2256\" class=\"elementor elementor-2256\" data-elementor-post-type=\"page\">\n\t\t\t\t\t\t<section class=\"elementor-section elementor-top-section elementor-element elementor-element-f9d3ab8 elementor-section-height-min-height elementor-section-items-bottom elementor-section-boxed elementor-section-height-default\" data-id=\"f9d3ab8\" data-element_type=\"section\" data-e-type=\"section\" data-settings=\"{&quot;background_background&quot;:&quot;classic&quot;}\">\n\t\t\t\t\t\t\t<div class=\"elementor-background-overlay\"><\/div>\n\t\t\t\t\t\t\t<div class=\"elementor-container elementor-column-gap-default\">\n\t\t\t\t\t<div class=\"elementor-column elementor-col-100 elementor-top-column elementor-element elementor-element-a1ccf13\" data-id=\"a1ccf13\" data-element_type=\"column\" data-e-type=\"column\">\n\t\t\t<div class=\"elementor-widget-wrap elementor-element-populated\">\n\t\t\t\t\t\t<div class=\"elementor-element elementor-element-e1c4f17 elementor-widget elementor-widget-heading\" data-id=\"e1c4f17\" data-element_type=\"widget\" data-e-type=\"widget\" data-widget_type=\"heading.default\">\n\t\t\t\t<div class=\"elementor-widget-container\">\n\t\t\t\t\t<h1 class=\"elementor-heading-title elementor-size-default\">Our History<\/h1>\t\t\t\t<\/div>\n\t\t\t\t<\/div>\n\t\t\t\t<div class=\"elementor-element elementor-element-08231c9 accent-subpage elementor-widget elementor-widget-text-editor\" data-id=\"08231c9\" data-element_type=\"widget\" data-e-type=\"widget\" data-widget_type=\"text-editor.default\">\n\t\t\t\t<div class=\"elementor-widget-container\">\n\t\t\t\t\t\t\t\t\t<p>See the history of the Zhong Hua Hotel<\/p>\t\t\t\t\t\t\t\t<\/div>\n\t\t\t\t<\/div>\n\t\t\t\t\t<\/div>\n\t\t<\/div>\n\t\t\t\t\t<\/div>\n\t\t<\/section>\n\t\t\t\t<section class=\"elementor-section elementor-top-section elementor-element elementor-element-e666b92 elementor-section-boxed elementor-section-height-default elementor-section-height-default\" data-id=\"e666b92\" data-element_type=\"section\" data-e-type=\"section\" data-settings=\"{&quot;background_background&quot;:&quot;classic&quot;}\">\n\t\t\t\t\t\t<div class=\"elementor-container elementor-column-gap-default\">\n\t\t\t\t\t<div class=\"elementor-column elementor-col-100 elementor-top-column elementor-element elementor-element-5a1cdda\" data-id=\"5a1cdda\" data-element_type=\"column\" data-e-type=\"column\" data-settings=\"{&quot;background_background&quot;:&quot;classic&quot;}\">\n\t\t\t<div class=\"elementor-widget-wrap elementor-element-populated\">\n\t\t\t\t\t\t<div class=\"elementor-element elementor-element-52a47bd elementor-widget elementor-widget-menu-anchor\" data-id=\"52a47bd\" data-element_type=\"widget\" data-e-type=\"widget\" data-widget_type=\"menu-anchor.default\">\n\t\t\t\t<div class=\"elementor-widget-container\">\n\t\t\t\t\t\t\t<div class=\"elementor-menu-anchor\" id=\"main\"><\/div>\n\t\t\t\t\t\t<\/div>\n\t\t\t\t<\/div>\n\t\t\t\t\t<\/div>\n\t\t<\/div>\n\t\t\t\t\t<\/div>\n\t\t<\/section>\n\t\t\t\t<section class=\"elementor-section elementor-top-section elementor-element elementor-element-7d7be68 elementor-section-boxed elementor-section-height-default elementor-section-height-default\" data-id=\"7d7be68\" data-element_type=\"section\" data-e-type=\"section\" data-settings=\"{&quot;background_background&quot;:&quot;classic&quot;}\">\n\t\t\t\t\t\t<div class=\"elementor-container elementor-column-gap-default\">\n\t\t\t\t\t<div class=\"elementor-column elementor-col-100 elementor-top-column elementor-element elementor-element-00b9b27\" data-id=\"00b9b27\" data-element_type=\"column\" data-e-type=\"column\" data-settings=\"{&quot;background_background&quot;:&quot;classic&quot;}\">\n\t\t\t<div class=\"elementor-widget-wrap elementor-element-populated\">\n\t\t\t\t\t\t<div class=\"elementor-element elementor-element-8b132be elementor-widget elementor-widget-text-editor\" data-id=\"8b132be\" data-element_type=\"widget\" data-e-type=\"widget\" data-widget_type=\"text-editor.default\">\n\t\t\t\t<div class=\"elementor-widget-container\">\n\t\t\t\t\t\t\t\t\t<p>The building in the style of Old Norwegian architecture was built <big>in 1907<\/big> according to a design by Paul Puchmuller. It housed the Southern Baths. The bathroom buildings were divided into 3 segments: for women, for families and for men.<\/p><p>There was a children's pool with a slide in the family part of \u0141azienki Po\u0142udniowe.<\/p>\t\t\t\t\t\t\t\t<\/div>\n\t\t\t\t<\/div>\n\t\t\t\t\t<\/div>\n\t\t<\/div>\n\t\t\t\t\t<\/div>\n\t\t<\/section>\n\t\t\t\t<section class=\"elementor-section elementor-top-section elementor-element elementor-element-54e1ba5 elementor-reverse-tablet elementor-reverse-mobile elementor-section-boxed elementor-section-height-default elementor-section-height-default\" data-id=\"54e1ba5\" data-element_type=\"section\" data-e-type=\"section\">\n\t\t\t\t\t\t\t<div class=\"elementor-background-overlay\"><\/div>\n\t\t\t\t\t\t\t<div class=\"elementor-container elementor-column-gap-no\">\n\t\t\t\t\t<div class=\"elementor-column elementor-col-50 elementor-top-column elementor-element elementor-element-b2aeb62 experience-blocks\" data-id=\"b2aeb62\" data-element_type=\"column\" data-e-type=\"column\" data-settings=\"{&quot;background_background&quot;:&quot;classic&quot;}\">\n\t\t\t<div class=\"elementor-widget-wrap elementor-element-populated\">\n\t\t\t\t\t<div class=\"elementor-background-overlay\"><\/div>\n\t\t\t\t\t\t<div class=\"elementor-element elementor-element-3986c5b trick elementor-widget elementor-widget-text-editor\" data-id=\"3986c5b\" data-element_type=\"widget\" data-e-type=\"widget\" data-widget_type=\"text-editor.default\">\n\t\t\t\t<div class=\"elementor-widget-container\">\n\t\t\t\t\t\t\t\t\t<p>At the \u0141azienki Po\u0142udniowe (Polish, meaning \u201esouthern baths\u201d) Park, in the family section, there was a children's pool with a slide. At the seafront side of the promenade, the main building accommodated hairdressers, restaurants and cafes.<\/p><p>After World War I, a base for seaplanes flying to Germany was established next to the building of the \u0141azienki Po\u0142udniowe Park.<\/p>\t\t\t\t\t\t\t\t<\/div>\n\t\t\t\t<\/div>\n\t\t\t\t\t<\/div>\n\t\t<\/div>\n\t\t\t\t<div class=\"elementor-column elementor-col-50 elementor-top-column elementor-element elementor-element-e98aecc experience-blocks animated-slow elementor-invisible\" data-id=\"e98aecc\" data-element_type=\"column\" data-e-type=\"column\" data-settings=\"{&quot;background_background&quot;:&quot;classic&quot;,&quot;animation&quot;:&quot;fadeIn&quot;}\">\n\t\t\t<div class=\"elementor-widget-wrap elementor-element-populated\">\n\t\t\t\t\t<div class=\"elementor-background-overlay\"><\/div>\n\t\t\t\t\t\t\t<\/div>\n\t\t<\/div>\n\t\t\t\t\t<\/div>\n\t\t<\/section>\n\t\t\t\t<section class=\"elementor-section elementor-top-section elementor-element elementor-element-ed9b8f2 elementor-section-boxed elementor-section-height-default elementor-section-height-default\" data-id=\"ed9b8f2\" data-element_type=\"section\" data-e-type=\"section\">\n\t\t\t\t\t\t<div class=\"elementor-container elementor-column-gap-default\">\n\t\t\t\t\t<div class=\"elementor-column elementor-col-50 elementor-top-column elementor-element elementor-element-5fcdb51 elementor-hidden-tablet elementor-hidden-mobile\" data-id=\"5fcdb51\" data-element_type=\"column\" data-e-type=\"column\">\n\t\t\t<div class=\"elementor-widget-wrap\">\n\t\t\t\t\t\t\t<\/div>\n\t\t<\/div>\n\t\t\t\t<div class=\"elementor-column elementor-col-50 elementor-top-column elementor-element elementor-element-a15dae2\" data-id=\"a15dae2\" data-element_type=\"column\" data-e-type=\"column\">\n\t\t\t<div class=\"elementor-widget-wrap elementor-element-populated\">\n\t\t\t\t\t\t<div class=\"elementor-element elementor-element-b8f4148 trick elementor-widget elementor-widget-text-editor\" data-id=\"b8f4148\" data-element_type=\"widget\" data-e-type=\"widget\" data-widget_type=\"text-editor.default\">\n\t\t\t\t<div class=\"elementor-widget-container\">\n\t\t\t\t\t\t\t\t\t<p>On the right, designed by Heinrich Dunkel, an Art Nouveau villa erected <big>in 1910<\/big> to the order of the wealthy widow Agnes Kalau von Hofe. Currently, this building does not have a conical roof on a cylindrical tower as it used to.<\/p><p>The bathroom building, a beautiful wooden structure with a design modeled on Norwegian folk motifs, still constitutes worth-seeing an attraction of the health resort.<\/p><p><big>In the years 1994-95<\/big> the building was extended by the Min-Hoong Company for the needs of the Hotel.<\/p>\t\t\t\t\t\t\t\t<\/div>\n\t\t\t\t<\/div>\n\t\t\t\t\t<\/div>\n\t\t<\/div>\n\t\t\t\t\t<\/div>\n\t\t<\/section>\n\t\t\t\t<section class=\"elementor-section elementor-top-section elementor-element elementor-element-a91c524 elementor-section-boxed elementor-section-height-default elementor-section-height-default\" data-id=\"a91c524\" data-element_type=\"section\" data-e-type=\"section\">\n\t\t\t\t\t\t<div class=\"elementor-container elementor-column-gap-default\">\n\t\t\t\t\t<div class=\"elementor-column elementor-col-100 elementor-top-column elementor-element elementor-element-563eade\" data-id=\"563eade\" data-element_type=\"column\" data-e-type=\"column\">\n\t\t\t<div class=\"elementor-widget-wrap elementor-element-populated\">\n\t\t\t\t\t\t<div class=\"elementor-element elementor-element-cd3721d elementor-arrows-position-inside elementor-widget elementor-widget-image-carousel\" data-id=\"cd3721d\" data-element_type=\"widget\" data-e-type=\"widget\" data-settings=\"{&quot;slides_to_show&quot;:&quot;3&quot;,&quot;navigation&quot;:&quot;arrows&quot;,&quot;autoplay&quot;:&quot;yes&quot;,&quot;pause_on_hover&quot;:&quot;yes&quot;,&quot;pause_on_interaction&quot;:&quot;yes&quot;,&quot;autoplay_speed&quot;:5000,&quot;infinite&quot;:&quot;yes&quot;,&quot;speed&quot;:500}\" data-widget_type=\"image-carousel.default\">\n\t\t\t\t<div class=\"elementor-widget-container\">\n\t\t\t\t\t\t\t<div class=\"elementor-image-carousel-wrapper swiper\" role=\"region\" aria-roledescription=\"carousel\" aria-label=\"Karuzela obrazk\u00f3w\" dir=\"ltr\">\n\t\t\t<div class=\"elementor-image-carousel swiper-wrapper\" aria-live=\"off\">\n\t\t\t\t\t\t\t\t<div class=\"swiper-slide\" role=\"group\" aria-roledescription=\"slide\" aria-label=\"1 z 10\"><a data-elementor-open-lightbox=\"yes\" data-elementor-lightbox-slideshow=\"cd3721d\" data-e-action-hash=\"#elementor-action%3Aaction%3Dlightbox%26settings%3DeyJpZCI6MjMyOCwidXJsIjoiaHR0cHM6XC9cL2hvdGVsY2hpbnNraS5wbFwvd3AtY29udGVudFwvdXBsb2Fkc1wvMjAyMlwvMDZcL2hvdGVsLXpob25nLWh1YS1oaXN0b3JpYS0wMDkuanBnIiwic2xpZGVzaG93IjoiY2QzNzIxZCJ9\" href=\"https:\/\/hotelchinski.pl\/wp-content\/uploads\/2022\/06\/hotel-zhong-hua-historia-009.jpg\"><figure class=\"swiper-slide-inner\"><img decoding=\"async\" class=\"swiper-slide-image\" src=\"https:\/\/hotelchinski.pl\/wp-content\/uploads\/elementor\/thumbs\/hotel-zhong-hua-historia-009-q2l0582ngbt0w5u5wp5rhvb41o9h6c4m52p4dh4c4w.jpg\" alt=\"hotel-zhong-hua-historia-009\" \/><\/figure><\/a><\/div><div class=\"swiper-slide\" role=\"group\" aria-roledescription=\"slide\" aria-label=\"2 z 10\"><a data-elementor-open-lightbox=\"yes\" data-elementor-lightbox-slideshow=\"cd3721d\" data-e-action-hash=\"#elementor-action%3Aaction%3Dlightbox%26settings%3DeyJpZCI6MjMyNywidXJsIjoiaHR0cHM6XC9cL2hvdGVsY2hpbnNraS5wbFwvd3AtY29udGVudFwvdXBsb2Fkc1wvMjAyMlwvMDZcL2hvdGVsLXpob25nLWh1YS1oaXN0b3JpYS0wMDguanBnIiwic2xpZGVzaG93IjoiY2QzNzIxZCJ9\" href=\"https:\/\/hotelchinski.pl\/wp-content\/uploads\/2022\/06\/hotel-zhong-hua-historia-008.jpg\"><figure class=\"swiper-slide-inner\"><img decoding=\"async\" class=\"swiper-slide-image\" src=\"https:\/\/hotelchinski.pl\/wp-content\/uploads\/elementor\/thumbs\/hotel-zhong-hua-historia-008-q2l054baoznvlpzminj97w99o4s0bjposk36gd9wts.jpg\" alt=\"hotel-zhong-hua-historia-008\" \/><\/figure><\/a><\/div><div class=\"swiper-slide\" role=\"group\" aria-roledescription=\"slide\" aria-label=\"3 z 10\"><a data-elementor-open-lightbox=\"yes\" data-elementor-lightbox-slideshow=\"cd3721d\" data-e-action-hash=\"#elementor-action%3Aaction%3Dlightbox%26settings%3DeyJpZCI6MjMyNiwidXJsIjoiaHR0cHM6XC9cL2hvdGVsY2hpbnNraS5wbFwvd3AtY29udGVudFwvdXBsb2Fkc1wvMjAyMlwvMDZcL2hvdGVsLXpob25nLWh1YS1oaXN0b3JpYS0wMDcuanBnIiwic2xpZGVzaG93IjoiY2QzNzIxZCJ9\" href=\"https:\/\/hotelchinski.pl\/wp-content\/uploads\/2022\/06\/hotel-zhong-hua-historia-007.jpg\"><figure class=\"swiper-slide-inner\"><img decoding=\"async\" class=\"swiper-slide-image\" src=\"https:\/\/hotelchinski.pl\/wp-content\/uploads\/elementor\/thumbs\/hotel-zhong-hua-historia-007-q2l04xqfd5evcg96l2ov8fx1ifoftnzkfnis3fjo1c.jpg\" alt=\"hotel-zhong-hua-historia-007\" \/><\/figure><\/a><\/div><div class=\"swiper-slide\" role=\"group\" aria-roledescription=\"slide\" aria-label=\"4 z 10\"><a data-elementor-open-lightbox=\"yes\" data-elementor-lightbox-slideshow=\"cd3721d\" data-e-action-hash=\"#elementor-action%3Aaction%3Dlightbox%26settings%3DeyJpZCI6MjMyNSwidXJsIjoiaHR0cHM6XC9cL2hvdGVsY2hpbnNraS5wbFwvd3AtY29udGVudFwvdXBsb2Fkc1wvMjAyMlwvMDZcL2hvdGVsLXpob25nLWh1YS1oaXN0b3JpYS0wMDYuanBnIiwic2xpZGVzaG93IjoiY2QzNzIxZCJ9\" href=\"https:\/\/hotelchinski.pl\/wp-content\/uploads\/2022\/06\/hotel-zhong-hua-historia-006.jpg\"><figure class=\"swiper-slide-inner\"><img decoding=\"async\" class=\"swiper-slide-image\" src=\"https:\/\/hotelchinski.pl\/wp-content\/uploads\/elementor\/thumbs\/hotel-zhong-hua-historia-006-q2l04t18ez8fqeg0cinqdz3qjiblr6gwr09cp1qmwg.jpg\" alt=\"hotel-zhong-hua-historia-006\" \/><\/figure><\/a><\/div><div class=\"swiper-slide\" role=\"group\" aria-roledescription=\"slide\" aria-label=\"5 z 10\"><a data-elementor-open-lightbox=\"yes\" data-elementor-lightbox-slideshow=\"cd3721d\" data-e-action-hash=\"#elementor-action%3Aaction%3Dlightbox%26settings%3DeyJpZCI6MjMyNCwidXJsIjoiaHR0cHM6XC9cL2hvdGVsY2hpbnNraS5wbFwvd3AtY29udGVudFwvdXBsb2Fkc1wvMjAyMlwvMDZcL2hvdGVsLXpob25nLWh1YS1oaXN0b3JpYS0wMDUuanBnIiwic2xpZGVzaG93IjoiY2QzNzIxZCJ9\" href=\"https:\/\/hotelchinski.pl\/wp-content\/uploads\/2022\/06\/hotel-zhong-hua-historia-005.jpg\"><figure class=\"swiper-slide-inner\"><img decoding=\"async\" class=\"swiper-slide-image\" src=\"https:\/\/hotelchinski.pl\/wp-content\/uploads\/elementor\/thumbs\/hotel-zhong-hua-historia-005-q2l04ne79z0psqo79g7yz0iyz73egzuiq8cftdyzxs.jpg\" alt=\"hotel-zhong-hua-historia-005\" \/><\/figure><\/a><\/div><div class=\"swiper-slide\" role=\"group\" aria-roledescription=\"slide\" aria-label=\"6 z 10\"><a data-elementor-open-lightbox=\"yes\" data-elementor-lightbox-slideshow=\"cd3721d\" data-e-action-hash=\"#elementor-action%3Aaction%3Dlightbox%26settings%3DeyJpZCI6MjMyMywidXJsIjoiaHR0cHM6XC9cL2hvdGVsY2hpbnNraS5wbFwvd3AtY29udGVudFwvdXBsb2Fkc1wvMjAyMlwvMDZcL2hvdGVsLXpob25nLWh1YS1oaXN0b3JpYS0wMDQtc2NhbGVkLmpwZyIsInNsaWRlc2hvdyI6ImNkMzcyMWQifQ%3D%3D\" href=\"https:\/\/hotelchinski.pl\/wp-content\/uploads\/2022\/06\/hotel-zhong-hua-historia-004-scaled.jpg\"><figure class=\"swiper-slide-inner\"><img decoding=\"async\" class=\"swiper-slide-image\" src=\"https:\/\/hotelchinski.pl\/wp-content\/uploads\/elementor\/thumbs\/hotel-zhong-hua-historia-004-scaled-q2l04liiway55iqxkfepu101sfco1ln21z1guu1sa8.jpg\" alt=\"hotel-zhong-hua-historia-004\" \/><\/figure><\/a><\/div><div class=\"swiper-slide\" role=\"group\" aria-roledescription=\"slide\" aria-label=\"7 z 10\"><a data-elementor-open-lightbox=\"yes\" data-elementor-lightbox-slideshow=\"cd3721d\" data-e-action-hash=\"#elementor-action%3Aaction%3Dlightbox%26settings%3DeyJpZCI6MjMyMiwidXJsIjoiaHR0cHM6XC9cL2hvdGVsY2hpbnNraS5wbFwvd3AtY29udGVudFwvdXBsb2Fkc1wvMjAyMlwvMDZcL2hvdGVsLXpob25nLWh1YS1oaXN0b3JpYS0wMDMuanBnIiwic2xpZGVzaG93IjoiY2QzNzIxZCJ9\" href=\"https:\/\/hotelchinski.pl\/wp-content\/uploads\/2022\/06\/hotel-zhong-hua-historia-003.jpg\"><figure class=\"swiper-slide-inner\"><img decoding=\"async\" class=\"swiper-slide-image\" src=\"https:\/\/hotelchinski.pl\/wp-content\/uploads\/elementor\/thumbs\/hotel-zhong-hua-historia-003-q2l04b6at4jzlt5y8sxtkllz96rmoxi0cjv4ksh46o.jpg\" alt=\"hotel-zhong-hua-historia-003\" \/><\/figure><\/a><\/div><div class=\"swiper-slide\" role=\"group\" aria-roledescription=\"slide\" aria-label=\"8 z 10\"><a data-elementor-open-lightbox=\"yes\" data-elementor-lightbox-slideshow=\"cd3721d\" data-e-action-hash=\"#elementor-action%3Aaction%3Dlightbox%26settings%3DeyJpZCI6MjMyMSwidXJsIjoiaHR0cHM6XC9cL2hvdGVsY2hpbnNraS5wbFwvd3AtY29udGVudFwvdXBsb2Fkc1wvMjAyMlwvMDZcL2hvdGVsLXpob25nLWh1YS1oaXN0b3JpYS0wMDIuanBnIiwic2xpZGVzaG93IjoiY2QzNzIxZCJ9\" href=\"https:\/\/hotelchinski.pl\/wp-content\/uploads\/2022\/06\/hotel-zhong-hua-historia-002.jpg\"><figure class=\"swiper-slide-inner\"><img decoding=\"async\" class=\"swiper-slide-image\" src=\"https:\/\/hotelchinski.pl\/wp-content\/uploads\/elementor\/thumbs\/hotel-zhong-hua-historia-002-q2l044lfhaazcjfib83fl59r3ho271rvznaq7uqve8.jpg\" alt=\"hotel-zhong-hua-historia-002\" \/><\/figure><\/a><\/div><div class=\"swiper-slide\" role=\"group\" aria-roledescription=\"slide\" aria-label=\"9 z 10\"><a data-elementor-open-lightbox=\"yes\" data-elementor-lightbox-slideshow=\"cd3721d\" data-e-action-hash=\"#elementor-action%3Aaction%3Dlightbox%26settings%3DeyJpZCI6MjMyMCwidXJsIjoiaHR0cHM6XC9cL2hvdGVsY2hpbnNraS5wbFwvd3AtY29udGVudFwvdXBsb2Fkc1wvMjAyMlwvMDZcL2hvdGVsLXpob25nLWh1YS1oaXN0b3JpYS0wMDEuanBnIiwic2xpZGVzaG93IjoiY2QzNzIxZCJ9\" href=\"https:\/\/hotelchinski.pl\/wp-content\/uploads\/2022\/06\/hotel-zhong-hua-historia-001.jpg\"><figure class=\"swiper-slide-inner\"><img decoding=\"async\" class=\"swiper-slide-image\" src=\"https:\/\/hotelchinski.pl\/wp-content\/uploads\/elementor\/thumbs\/hotel-zhong-hua-historia-001-q2l040u2py5u23kyx6gxb67wpy6lc9cyn4osaqwg34.jpg\" alt=\"hotel-zhong-hua-historia-001\" \/><\/figure><\/a><\/div><div class=\"swiper-slide\" role=\"group\" aria-roledescription=\"slide\" aria-label=\"10 z 10\"><a data-elementor-open-lightbox=\"yes\" data-elementor-lightbox-slideshow=\"cd3721d\" data-e-action-hash=\"#elementor-action%3Aaction%3Dlightbox%26settings%3DeyJpZCI6MjMxOSwidXJsIjoiaHR0cHM6XC9cL2hvdGVsY2hpbnNraS5wbFwvd3AtY29udGVudFwvdXBsb2Fkc1wvMjAyMlwvMDZcL2hvdGVsLXpob25nLWh1YS1oaXN0b3JpYS0wMTAuanBnIiwic2xpZGVzaG93IjoiY2QzNzIxZCJ9\" href=\"https:\/\/hotelchinski.pl\/wp-content\/uploads\/2022\/06\/hotel-zhong-hua-historia-010.jpg\"><figure class=\"swiper-slide-inner\"><img decoding=\"async\" class=\"swiper-slide-image\" src=\"https:\/\/hotelchinski.pl\/wp-content\/uploads\/elementor\/thumbs\/hotel-zhong-hua-historia-010-q2l0590hn5ub7rssr7ke2d2kn24ue18ch7clur2xyo.jpg\" alt=\"hotel-zhong-hua-historia-010\" \/><\/figure><\/a><\/div>\t\t\t<\/div>\n\t\t\t\t\t\t\t\t\t\t\t\t<div class=\"elementor-swiper-button elementor-swiper-button-prev\" role=\"button\" tabindex=\"0\">\n\t\t\t\t\t\t<i aria-hidden=\"true\" class=\"eicon-chevron-left\"><\/i>\t\t\t\t\t<\/div>\n\t\t\t\t\t<div class=\"elementor-swiper-button elementor-swiper-button-next\" role=\"button\" tabindex=\"0\">\n\t\t\t\t\t\t<i aria-hidden=\"true\" class=\"eicon-chevron-right\"><\/i>\t\t\t\t\t<\/div>\n\t\t\t\t\n\t\t\t\t\t\t\t\t\t<\/div>\n\t\t\t\t\t\t<\/div>\n\t\t\t\t<\/div>\n\t\t\t\t\t<\/div>\n\t\t<\/div>\n\t\t\t\t\t<\/div>\n\t\t<\/section>\n\t\t\t\t<\/div>","protected":false},"excerpt":{"rendered":"<p>Zobacz histori\u0119 Hotelu Zhong Hua Budynek w stylu staronorweskiej architektury wybudowany zosta\u0142 w 1907 roku wed\u0142ug projektu Paula Puchmullera. Mie\u015bci\u0142y si\u0119 tu \u0141azienki Po\u0142udniowe. Budynki \u0142azienek by\u0142y podzielone na 3 segmenty przeznaczone: dla pa\u0144, familijne i dla pan\u00f3w. Przy \u0141azienkach Po\u0142udniowych w cz\u0119\u015bci familijnej by\u0142 basen dla dzieci ze zje\u017cd\u017calni\u0105. Od strony nadbrze\u017cnej promenady w [&hellip;]<\/p>\n","protected":false},"author":1,"featured_media":0,"parent":0,"menu_order":0,"comment_status":"closed","ping_status":"closed","template":"","meta":{"footnotes":""},"class_list":["post-2256","page","type-page","status-publish","hentry"],"_links":{"self":[{"href":"https:\/\/hotelchinski.pl\/en\/wp-json\/wp\/v2\/pages\/2256","targetHints":{"allow":["GET"]}}],"collection":[{"href":"https:\/\/hotelchinski.pl\/en\/wp-json\/wp\/v2\/pages"}],"about":[{"href":"https:\/\/hotelchinski.pl\/en\/wp-json\/wp\/v2\/types\/page"}],"author":[{"embeddable":true,"href":"https:\/\/hotelchinski.pl\/en\/wp-json\/wp\/v2\/users\/1"}],"replies":[{"embeddable":true,"href":"https:\/\/hotelchinski.pl\/en\/wp-json\/wp\/v2\/comments?post=2256"}],"version-history":[{"count":52,"href":"https:\/\/hotelchinski.pl\/en\/wp-json\/wp\/v2\/pages\/2256\/revisions"}],"predecessor-version":[{"id":4085,"href":"https:\/\/hotelchinski.pl\/en\/wp-json\/wp\/v2\/pages\/2256\/revisions\/4085"}],"wp:attachment":[{"href":"https:\/\/hotelchinski.pl\/en\/wp-json\/wp\/v2\/media?parent=2256"}],"curies":[{"name":"wp","href":"https:\/\/api.w.org\/{rel}","templated":true}]}}