{"id":2631,"date":"2022-06-09T19:53:41","date_gmt":"2022-06-09T17:53:41","guid":{"rendered":"https:\/\/cpsystem2.kylos.pl\/hotelchinski.pl\/?page_id=2631"},"modified":"2022-07-11T17:21:38","modified_gmt":"2022-07-11T15:21:38","slug":"beach-bar-3","status":"publish","type":"page","link":"https:\/\/hotelchinski.pl\/en\/attractions\/beach-bar-3\/","title":{"rendered":"Beach Bar"},"content":{"rendered":"<div data-elementor-type=\"wp-page\" data-elementor-id=\"2631\" class=\"elementor elementor-2631\" data-elementor-post-type=\"page\">\n\t\t\t\t\t\t<section class=\"elementor-section elementor-top-section elementor-element elementor-element-a4dadfe elementor-section-height-min-height elementor-section-items-bottom elementor-section-boxed elementor-section-height-default\" data-id=\"a4dadfe\" data-element_type=\"section\" data-e-type=\"section\" data-settings=\"{&quot;background_background&quot;:&quot;classic&quot;}\">\n\t\t\t\t\t\t\t<div class=\"elementor-background-overlay\"><\/div>\n\t\t\t\t\t\t\t<div class=\"elementor-container elementor-column-gap-default\">\n\t\t\t\t\t<div class=\"elementor-column elementor-col-100 elementor-top-column elementor-element elementor-element-4c6d085\" data-id=\"4c6d085\" data-element_type=\"column\" data-e-type=\"column\">\n\t\t\t<div class=\"elementor-widget-wrap elementor-element-populated\">\n\t\t\t\t\t\t<div class=\"elementor-element elementor-element-ee79c20 elementor-widget elementor-widget-heading\" data-id=\"ee79c20\" data-element_type=\"widget\" data-e-type=\"widget\" data-widget_type=\"heading.default\">\n\t\t\t\t<div class=\"elementor-widget-container\">\n\t\t\t\t\t<h1 class=\"elementor-heading-title elementor-size-default\">Beach Bar<\/h1>\t\t\t\t<\/div>\n\t\t\t\t<\/div>\n\t\t\t\t<div class=\"elementor-element elementor-element-5af771f accent-subpage elementor-widget elementor-widget-text-editor\" data-id=\"5af771f\" data-element_type=\"widget\" data-e-type=\"widget\" data-widget_type=\"text-editor.default\">\n\t\t\t\t<div class=\"elementor-widget-container\">\n\t\t\t\t\t\t\t\t\t<p>Restaurant White Marlin is located right in the building of our hotel, and just when you are there, you will find our  beach bar.<\/p>\t\t\t\t\t\t\t\t<\/div>\n\t\t\t\t<\/div>\n\t\t\t\t\t<\/div>\n\t\t<\/div>\n\t\t\t\t\t<\/div>\n\t\t<\/section>\n\t\t\t\t<section class=\"elementor-section elementor-top-section elementor-element elementor-element-5d7ccb8 elementor-section-boxed elementor-section-height-default elementor-section-height-default\" data-id=\"5d7ccb8\" data-element_type=\"section\" data-e-type=\"section\" data-settings=\"{&quot;background_background&quot;:&quot;classic&quot;}\">\n\t\t\t\t\t\t<div class=\"elementor-container elementor-column-gap-default\">\n\t\t\t\t\t<div class=\"elementor-column elementor-col-100 elementor-top-column elementor-element elementor-element-c66873c\" data-id=\"c66873c\" data-element_type=\"column\" data-e-type=\"column\" data-settings=\"{&quot;background_background&quot;:&quot;classic&quot;}\">\n\t\t\t<div class=\"elementor-widget-wrap elementor-element-populated\">\n\t\t\t\t\t\t<div class=\"elementor-element elementor-element-c6090ab elementor-widget elementor-widget-menu-anchor\" data-id=\"c6090ab\" data-element_type=\"widget\" data-e-type=\"widget\" data-widget_type=\"menu-anchor.default\">\n\t\t\t\t<div class=\"elementor-widget-container\">\n\t\t\t\t\t\t\t<div class=\"elementor-menu-anchor\" id=\"main\"><\/div>\n\t\t\t\t\t\t<\/div>\n\t\t\t\t<\/div>\n\t\t\t\t\t<\/div>\n\t\t<\/div>\n\t\t\t\t\t<\/div>\n\t\t<\/section>\n\t\t\t\t<section class=\"elementor-section elementor-top-section elementor-element elementor-element-28844f3 elementor-section-boxed elementor-section-height-default elementor-section-height-default\" data-id=\"28844f3\" data-element_type=\"section\" data-e-type=\"section\">\n\t\t\t\t\t\t\t<div class=\"elementor-background-overlay\"><\/div>\n\t\t\t\t\t\t\t<div class=\"elementor-container elementor-column-gap-no\">\n\t\t\t\t\t<div class=\"elementor-column elementor-col-50 elementor-top-column elementor-element elementor-element-0e075bd experience-blocks animated-slow elementor-invisible\" data-id=\"0e075bd\" data-element_type=\"column\" data-e-type=\"column\" data-settings=\"{&quot;background_background&quot;:&quot;classic&quot;,&quot;animation&quot;:&quot;fadeIn&quot;}\">\n\t\t\t<div class=\"elementor-widget-wrap elementor-element-populated\">\n\t\t\t\t\t<div class=\"elementor-background-overlay\"><\/div>\n\t\t\t\t\t\t\t<\/div>\n\t\t<\/div>\n\t\t\t\t<div class=\"elementor-column elementor-col-50 elementor-top-column elementor-element elementor-element-9d6f6de experience-blocks\" data-id=\"9d6f6de\" data-element_type=\"column\" data-e-type=\"column\" data-settings=\"{&quot;background_background&quot;:&quot;classic&quot;}\">\n\t\t\t<div class=\"elementor-widget-wrap elementor-element-populated\">\n\t\t\t\t\t<div class=\"elementor-background-overlay\"><\/div>\n\t\t\t\t\t\t<div class=\"elementor-element elementor-element-9757aed trick elementor-widget elementor-widget-text-editor\" data-id=\"9757aed\" data-element_type=\"widget\" data-e-type=\"widget\" data-widget_type=\"text-editor.default\">\n\t\t\t\t<div class=\"elementor-widget-container\">\n\t\t\t\t\t\t\t\t\t<p>\u00a0<\/p><p>It is there where the party, evening and night life takes place.<\/p><p>Our beach bar constitutes a roomy restaurant space with a long bar with stools, a chillout zone with comfortable sofas, an outdoor grill and a large, white, illuminated tent.<\/p>\t\t\t\t\t\t\t\t<\/div>\n\t\t\t\t<\/div>\n\t\t\t\t\t<\/div>\n\t\t<\/div>\n\t\t\t\t\t<\/div>\n\t\t<\/section>\n\t\t\t\t<section class=\"elementor-section elementor-top-section elementor-element elementor-element-51ee61c elementor-reverse-tablet elementor-reverse-mobile elementor-reverse-mobile_extra elementor-section-boxed elementor-section-height-default elementor-section-height-default\" data-id=\"51ee61c\" data-element_type=\"section\" data-e-type=\"section\">\n\t\t\t\t\t\t<div class=\"elementor-container elementor-column-gap-default\">\n\t\t\t\t\t<div class=\"elementor-column elementor-col-50 elementor-top-column elementor-element elementor-element-26342bd\" data-id=\"26342bd\" data-element_type=\"column\" data-e-type=\"column\">\n\t\t\t<div class=\"elementor-widget-wrap elementor-element-populated\">\n\t\t\t\t\t\t<div class=\"elementor-element elementor-element-fc4e6b1 trick elementor-widget elementor-widget-text-editor\" data-id=\"fc4e6b1\" data-element_type=\"widget\" data-e-type=\"widget\" data-widget_type=\"text-editor.default\">\n\t\t\t\t<div class=\"elementor-widget-container\">\n\t\t\t\t\t\t\t\t\t<p>The Beach Bar is open long after the restaurant closes. It can be rented exclusively for corporate events, birthdays, and boho-style weddings.<\/p>\n<p>By all means, the nightlife that bustles in the Beach Bar does not disturb the peace and quiet of our hotel guests in any way.<\/p>\t\t\t\t\t\t\t\t<\/div>\n\t\t\t\t<\/div>\n\t\t\t\t\t<\/div>\n\t\t<\/div>\n\t\t\t\t<div class=\"elementor-column elementor-col-50 elementor-top-column elementor-element elementor-element-d6c3be1 animated-slow elementor-invisible\" data-id=\"d6c3be1\" data-element_type=\"column\" data-e-type=\"column\" data-settings=\"{&quot;background_background&quot;:&quot;classic&quot;,&quot;animation&quot;:&quot;fadeIn&quot;}\">\n\t\t\t<div class=\"elementor-widget-wrap elementor-element-populated\">\n\t\t\t\t\t\t<div class=\"elementor-element elementor-element-cbda21c elementor-widget elementor-widget-spacer\" data-id=\"cbda21c\" data-element_type=\"widget\" data-e-type=\"widget\" data-widget_type=\"spacer.default\">\n\t\t\t\t<div class=\"elementor-widget-container\">\n\t\t\t\t\t\t\t<div class=\"elementor-spacer\">\n\t\t\t<div class=\"elementor-spacer-inner\"><\/div>\n\t\t<\/div>\n\t\t\t\t\t\t<\/div>\n\t\t\t\t<\/div>\n\t\t\t\t\t<\/div>\n\t\t<\/div>\n\t\t\t\t\t<\/div>\n\t\t<\/section>\n\t\t\t\t<section class=\"elementor-section elementor-top-section elementor-element elementor-element-039bfd0 elementor-section-boxed elementor-section-height-default elementor-section-height-default\" data-id=\"039bfd0\" data-element_type=\"section\" data-e-type=\"section\">\n\t\t\t\t\t\t<div class=\"elementor-container elementor-column-gap-default\">\n\t\t\t\t\t<div class=\"elementor-column elementor-col-100 elementor-top-column elementor-element elementor-element-cea1eb0\" data-id=\"cea1eb0\" data-element_type=\"column\" data-e-type=\"column\">\n\t\t\t<div class=\"elementor-widget-wrap elementor-element-populated\">\n\t\t\t\t\t\t<div class=\"elementor-element elementor-element-67c8f55 elementor-arrows-position-inside elementor-widget elementor-widget-image-carousel\" data-id=\"67c8f55\" data-element_type=\"widget\" data-e-type=\"widget\" data-settings=\"{&quot;slides_to_show&quot;:&quot;3&quot;,&quot;navigation&quot;:&quot;arrows&quot;,&quot;autoplay&quot;:&quot;yes&quot;,&quot;pause_on_hover&quot;:&quot;yes&quot;,&quot;pause_on_interaction&quot;:&quot;yes&quot;,&quot;autoplay_speed&quot;:5000,&quot;infinite&quot;:&quot;yes&quot;,&quot;speed&quot;:500}\" data-widget_type=\"image-carousel.default\">\n\t\t\t\t<div class=\"elementor-widget-container\">\n\t\t\t\t\t\t\t<div class=\"elementor-image-carousel-wrapper swiper\" role=\"region\" aria-roledescription=\"carousel\" aria-label=\"Karuzela obrazk\u00f3w\" dir=\"ltr\">\n\t\t\t<div class=\"elementor-image-carousel swiper-wrapper\" aria-live=\"off\">\n\t\t\t\t\t\t\t\t<div class=\"swiper-slide\" role=\"group\" aria-roledescription=\"slide\" aria-label=\"1 z 4\"><a data-elementor-open-lightbox=\"yes\" data-elementor-lightbox-slideshow=\"67c8f55\" data-e-action-hash=\"#elementor-action%3Aaction%3Dlightbox%26settings%3DeyJpZCI6NDMyNCwidXJsIjoiaHR0cHM6XC9cL2hvdGVsY2hpbnNraS5wbFwvd3AtY29udGVudFwvdXBsb2Fkc1wvMjAyMlwvMDdcL1doaXRlLU1hcmxpbi0yMC5qcGciLCJzbGlkZXNob3ciOiI2N2M4ZjU1In0%3D\" href=\"https:\/\/hotelchinski.pl\/wp-content\/uploads\/2022\/07\/White-Marlin-20.jpg\"><figure class=\"swiper-slide-inner\"><img decoding=\"async\" class=\"swiper-slide-image\" src=\"https:\/\/hotelchinski.pl\/wp-content\/uploads\/elementor\/thumbs\/White-Marlin-20-q2l0g8qjkew0zltzkgmbq37mq9ydelvcbm00w8s774.jpg\" alt=\"White-Marlin-20\" \/><\/figure><\/a><\/div><div class=\"swiper-slide\" role=\"group\" aria-roledescription=\"slide\" aria-label=\"2 z 4\"><a data-elementor-open-lightbox=\"yes\" data-elementor-lightbox-slideshow=\"67c8f55\" data-e-action-hash=\"#elementor-action%3Aaction%3Dlightbox%26settings%3DeyJpZCI6NDMyMywidXJsIjoiaHR0cHM6XC9cL2hvdGVsY2hpbnNraS5wbFwvd3AtY29udGVudFwvdXBsb2Fkc1wvMjAyMlwvMDdcL1doaXRlLU1hcmxpbi0xMS5qcGciLCJzbGlkZXNob3ciOiI2N2M4ZjU1In0%3D\" href=\"https:\/\/hotelchinski.pl\/wp-content\/uploads\/2022\/07\/White-Marlin-11.jpg\"><figure class=\"swiper-slide-inner\"><img decoding=\"async\" class=\"swiper-slide-image\" src=\"https:\/\/hotelchinski.pl\/wp-content\/uploads\/elementor\/thumbs\/White-Marlin-11-q2l0g4z6t2qvp5zg6eztg45scqgwjtgez3e2z4xrw0.jpg\" alt=\"White-Marlin-11\" \/><\/figure><\/a><\/div><div class=\"swiper-slide\" role=\"group\" aria-roledescription=\"slide\" aria-label=\"3 z 4\"><a data-elementor-open-lightbox=\"yes\" data-elementor-lightbox-slideshow=\"67c8f55\" data-e-action-hash=\"#elementor-action%3Aaction%3Dlightbox%26settings%3DeyJpZCI6NDMyMiwidXJsIjoiaHR0cHM6XC9cL2hvdGVsY2hpbnNraS5wbFwvd3AtY29udGVudFwvdXBsb2Fkc1wvMjAyMlwvMDdcL1doaXRlLU1hcmxpbi00LmpwZyIsInNsaWRlc2hvdyI6IjY3YzhmNTUifQ%3D%3D\" href=\"https:\/\/hotelchinski.pl\/wp-content\/uploads\/2022\/07\/White-Marlin-4.jpg\"><figure class=\"swiper-slide-inner\"><img decoding=\"async\" class=\"swiper-slide-image\" src=\"https:\/\/hotelchinski.pl\/wp-content\/uploads\/elementor\/thumbs\/White-Marlin-4-q2l0gdfqil2glnn5t0ngkk0xp7b7h3e0099gaml8c0.jpg\" alt=\"White-Marlin-4\" \/><\/figure><\/a><\/div><div class=\"swiper-slide\" role=\"group\" aria-roledescription=\"slide\" aria-label=\"4 z 4\"><a data-elementor-open-lightbox=\"yes\" data-elementor-lightbox-slideshow=\"67c8f55\" data-e-action-hash=\"#elementor-action%3Aaction%3Dlightbox%26settings%3DeyJpZCI6NDMyMSwidXJsIjoiaHR0cHM6XC9cL2hvdGVsY2hpbnNraS5wbFwvd3AtY29udGVudFwvdXBsb2Fkc1wvMjAyMlwvMDdcL1doaXRlLU1hcmxpbi0zOS5qcGciLCJzbGlkZXNob3ciOiI2N2M4ZjU1In0%3D\" href=\"https:\/\/hotelchinski.pl\/wp-content\/uploads\/2022\/07\/White-Marlin-39.jpg\"><figure class=\"swiper-slide-inner\"><img decoding=\"async\" class=\"swiper-slide-image\" src=\"https:\/\/hotelchinski.pl\/wp-content\/uploads\/elementor\/thumbs\/White-Marlin-39-q2l0gbk24wzvyfpw3zu7fki0ifkh1p6jbzyhc2o0og.jpg\" alt=\"White-Marlin-39\" \/><\/figure><\/a><\/div>\t\t\t<\/div>\n\t\t\t\t\t\t\t\t\t\t\t\t<div class=\"elementor-swiper-button elementor-swiper-button-prev\" role=\"button\" tabindex=\"0\">\n\t\t\t\t\t\t<i aria-hidden=\"true\" class=\"eicon-chevron-left\"><\/i>\t\t\t\t\t<\/div>\n\t\t\t\t\t<div class=\"elementor-swiper-button elementor-swiper-button-next\" role=\"button\" tabindex=\"0\">\n\t\t\t\t\t\t<i aria-hidden=\"true\" class=\"eicon-chevron-right\"><\/i>\t\t\t\t\t<\/div>\n\t\t\t\t\n\t\t\t\t\t\t\t\t\t<\/div>\n\t\t\t\t\t\t<\/div>\n\t\t\t\t<\/div>\n\t\t\t\t\t<\/div>\n\t\t<\/div>\n\t\t\t\t\t<\/div>\n\t\t<\/section>\n\t\t\t\t<\/div>","protected":false},"excerpt":{"rendered":"<p>W budynku naszego Hotelu mie\u015bci si\u0119 restauracja White Marlin a przy niej Beach Bar. \u00a0 Imprezowe \u017cycie wieczorno-nocne toczy si\u0119 w Beach Barze. To obszerna restauracyjna przestrze\u0144 z d\u0142ugim barem z hokerami, stref\u0105 chilloutow\u0105 z komfortowymi kanapami, zewn\u0119trznym grillem i wilkiem bia\u0142ym pod\u015bwietlanym namiotem. Beach Bar jest czynny d\u0142ugo jeszcze po zamkni\u0119ciu restauracji. Mo\u017cna go [&hellip;]<\/p>\n","protected":false},"author":1,"featured_media":0,"parent":17,"menu_order":0,"comment_status":"closed","ping_status":"closed","template":"","meta":{"footnotes":""},"class_list":["post-2631","page","type-page","status-publish","hentry"],"_links":{"self":[{"href":"https:\/\/hotelchinski.pl\/en\/wp-json\/wp\/v2\/pages\/2631","targetHints":{"allow":["GET"]}}],"collection":[{"href":"https:\/\/hotelchinski.pl\/en\/wp-json\/wp\/v2\/pages"}],"about":[{"href":"https:\/\/hotelchinski.pl\/en\/wp-json\/wp\/v2\/types\/page"}],"author":[{"embeddable":true,"href":"https:\/\/hotelchinski.pl\/en\/wp-json\/wp\/v2\/users\/1"}],"replies":[{"embeddable":true,"href":"https:\/\/hotelchinski.pl\/en\/wp-json\/wp\/v2\/comments?post=2631"}],"version-history":[{"count":44,"href":"https:\/\/hotelchinski.pl\/en\/wp-json\/wp\/v2\/pages\/2631\/revisions"}],"predecessor-version":[{"id":4327,"href":"https:\/\/hotelchinski.pl\/en\/wp-json\/wp\/v2\/pages\/2631\/revisions\/4327"}],"up":[{"embeddable":true,"href":"https:\/\/hotelchinski.pl\/en\/wp-json\/wp\/v2\/pages\/17"}],"wp:attachment":[{"href":"https:\/\/hotelchinski.pl\/en\/wp-json\/wp\/v2\/media?parent=2631"}],"curies":[{"name":"wp","href":"https:\/\/api.w.org\/{rel}","templated":true}]}}