{"id":6066,"date":"2025-10-15T08:17:44","date_gmt":"2025-10-15T06:17:44","guid":{"rendered":"https:\/\/hotelchinski.pl\/?page_id=6066"},"modified":"2025-10-15T14:00:56","modified_gmt":"2025-10-15T12:00:56","slug":"sala-konferencyjna-lotos","status":"publish","type":"page","link":"https:\/\/hotelchinski.pl\/en\/conferences\/sala-konferencyjna-lotos\/","title":{"rendered":"Sala konferencyjna Lotos"},"content":{"rendered":"<div data-elementor-type=\"wp-page\" data-elementor-id=\"6066\" class=\"elementor elementor-6066\" data-elementor-post-type=\"page\">\n\t\t\t\t\t\t<section class=\"elementor-section elementor-top-section elementor-element elementor-element-7e02bff elementor-section-height-min-height elementor-section-items-bottom elementor-section-boxed elementor-section-height-default\" data-id=\"7e02bff\" data-element_type=\"section\" data-e-type=\"section\" data-settings=\"{&quot;background_background&quot;:&quot;classic&quot;}\">\n\t\t\t\t\t\t\t<div class=\"elementor-background-overlay\"><\/div>\n\t\t\t\t\t\t\t<div class=\"elementor-container elementor-column-gap-default\">\n\t\t\t\t\t<div class=\"elementor-column elementor-col-100 elementor-top-column elementor-element elementor-element-6b9a428\" data-id=\"6b9a428\" data-element_type=\"column\" data-e-type=\"column\">\n\t\t\t<div class=\"elementor-widget-wrap elementor-element-populated\">\n\t\t\t\t\t\t<div class=\"elementor-element elementor-element-2eac5e7 elementor-widget elementor-widget-heading\" data-id=\"2eac5e7\" data-element_type=\"widget\" data-e-type=\"widget\" data-widget_type=\"heading.default\">\n\t\t\t\t<div class=\"elementor-widget-container\">\n\t\t\t\t\t<h1 class=\"elementor-heading-title elementor-size-default\"><small>Conference room<\/small> Lotos<\/h1>\t\t\t\t<\/div>\n\t\t\t\t<\/div>\n\t\t\t\t<div class=\"elementor-element elementor-element-950c76b accent-subpage elementor-widget elementor-widget-text-editor\" data-id=\"950c76b\" data-element_type=\"widget\" data-e-type=\"widget\" data-widget_type=\"text-editor.default\">\n\t\t\t\t<div class=\"elementor-widget-container\">\n\t\t\t\t\t\t\t\t\t<p>A Space with a View of the Gda\u0144sk Bay<\/p>\t\t\t\t\t\t\t\t<\/div>\n\t\t\t\t<\/div>\n\t\t\t\t\t<\/div>\n\t\t<\/div>\n\t\t\t\t\t<\/div>\n\t\t<\/section>\n\t\t\t\t<section class=\"elementor-section elementor-top-section elementor-element elementor-element-19ae8c4 elementor-section-boxed elementor-section-height-default elementor-section-height-default\" data-id=\"19ae8c4\" data-element_type=\"section\" data-e-type=\"section\" data-settings=\"{&quot;background_background&quot;:&quot;classic&quot;}\">\n\t\t\t\t\t\t<div class=\"elementor-container elementor-column-gap-default\">\n\t\t\t\t\t<div class=\"elementor-column elementor-col-100 elementor-top-column elementor-element elementor-element-679ffa2\" data-id=\"679ffa2\" data-element_type=\"column\" data-e-type=\"column\" data-settings=\"{&quot;background_background&quot;:&quot;classic&quot;}\">\n\t\t\t<div class=\"elementor-widget-wrap elementor-element-populated\">\n\t\t\t\t\t\t<div class=\"elementor-element elementor-element-c712bd7 elementor-widget elementor-widget-menu-anchor\" data-id=\"c712bd7\" data-element_type=\"widget\" data-e-type=\"widget\" data-widget_type=\"menu-anchor.default\">\n\t\t\t\t<div class=\"elementor-widget-container\">\n\t\t\t\t\t\t\t<div class=\"elementor-menu-anchor\" id=\"main\"><\/div>\n\t\t\t\t\t\t<\/div>\n\t\t\t\t<\/div>\n\t\t\t\t\t<\/div>\n\t\t<\/div>\n\t\t\t\t\t<\/div>\n\t\t<\/section>\n\t\t\t\t<section class=\"elementor-section elementor-top-section elementor-element elementor-element-8bf58a5 elementor-section-boxed elementor-section-height-default elementor-section-height-default\" data-id=\"8bf58a5\" data-element_type=\"section\" data-e-type=\"section\">\n\t\t\t\t\t\t<div class=\"elementor-container elementor-column-gap-default\">\n\t\t\t\t\t<div class=\"elementor-column elementor-col-100 elementor-top-column elementor-element elementor-element-5d13542\" data-id=\"5d13542\" data-element_type=\"column\" data-e-type=\"column\">\n\t\t\t<div class=\"elementor-widget-wrap elementor-element-populated\">\n\t\t\t\t\t\t<section class=\"elementor-section elementor-inner-section elementor-element elementor-element-138ced4 elementor-section-boxed elementor-section-height-default elementor-section-height-default\" data-id=\"138ced4\" data-element_type=\"section\" data-e-type=\"section\">\n\t\t\t\t\t\t<div class=\"elementor-container elementor-column-gap-wider\">\n\t\t\t\t\t<div class=\"elementor-column elementor-col-50 elementor-inner-column elementor-element elementor-element-10570d3\" data-id=\"10570d3\" data-element_type=\"column\" data-e-type=\"column\">\n\t\t\t<div class=\"elementor-widget-wrap elementor-element-populated\">\n\t\t\t\t\t\t<div class=\"elementor-element elementor-element-a59fb54 elementor-widget elementor-widget-heading\" data-id=\"a59fb54\" data-element_type=\"widget\" data-e-type=\"widget\" data-widget_type=\"heading.default\">\n\t\t\t\t<div class=\"elementor-widget-container\">\n\t\t\t\t\t<p class=\"elementor-heading-title elementor-size-default\">Details<\/p>\t\t\t\t<\/div>\n\t\t\t\t<\/div>\n\t\t\t\t<div class=\"elementor-element elementor-element-24634d2 elementor-widget elementor-widget-text-editor\" data-id=\"24634d2\" data-element_type=\"widget\" data-e-type=\"widget\" data-widget_type=\"text-editor.default\">\n\t\t\t\t<div class=\"elementor-widget-container\">\n\t\t\t\t\t\t\t\t\t<p>The largest of the conference rooms, Lotos, with an area of 85 m\u00b2, impresses with its spaciousness and natural daylight. Its greatest advantage is the panoramic view of the Gda\u0144sk Bay and the Southern Park, creating a serene and inspiring atmosphere that enhances focus and productivity.<\/p><p>The room is equipped with <strong>a multimedia projector<\/strong>, <strong>sound system<\/strong>, <strong>microphones<\/strong>, <strong>flipchart<\/strong> <strong>multimedia remote control<\/strong> and <strong>Wi-Fi access<\/strong>.<\/p>\t\t\t\t\t\t\t\t<\/div>\n\t\t\t\t<\/div>\n\t\t\t\t<div class=\"elementor-element elementor-element-33e27f7 elementor-arrows-position-inside elementor-widget elementor-widget-image-carousel\" data-id=\"33e27f7\" data-element_type=\"widget\" data-e-type=\"widget\" data-settings=\"{&quot;slides_to_show&quot;:&quot;1&quot;,&quot;slides_to_show_tablet&quot;:&quot;1&quot;,&quot;navigation&quot;:&quot;arrows&quot;,&quot;autoplay&quot;:&quot;yes&quot;,&quot;pause_on_hover&quot;:&quot;yes&quot;,&quot;pause_on_interaction&quot;:&quot;yes&quot;,&quot;autoplay_speed&quot;:5000,&quot;infinite&quot;:&quot;yes&quot;,&quot;effect&quot;:&quot;slide&quot;,&quot;speed&quot;:500}\" data-widget_type=\"image-carousel.default\">\n\t\t\t\t<div class=\"elementor-widget-container\">\n\t\t\t\t\t\t\t<div class=\"elementor-image-carousel-wrapper swiper\" role=\"region\" aria-roledescription=\"carousel\" aria-label=\"Karuzela obrazk\u00f3w\" dir=\"ltr\">\n\t\t\t<div class=\"elementor-image-carousel swiper-wrapper swiper-image-stretch\" aria-live=\"off\">\n\t\t\t\t\t\t\t\t<div class=\"swiper-slide\" role=\"group\" aria-roledescription=\"slide\" aria-label=\"1 z 9\"><figure class=\"swiper-slide-inner\"><img decoding=\"async\" class=\"swiper-slide-image\" src=\"https:\/\/hotelchinski.pl\/wp-content\/uploads\/2025\/10\/sala-lotos-004.jpg\" alt=\"sala lotos 004\" \/><\/figure><\/div><div class=\"swiper-slide\" role=\"group\" aria-roledescription=\"slide\" aria-label=\"2 z 9\"><figure class=\"swiper-slide-inner\"><img decoding=\"async\" class=\"swiper-slide-image\" src=\"https:\/\/hotelchinski.pl\/wp-content\/uploads\/2025\/10\/sala-lotos-005.jpg\" alt=\"sala lotos 005\" \/><\/figure><\/div><div class=\"swiper-slide\" role=\"group\" aria-roledescription=\"slide\" aria-label=\"3 z 9\"><figure class=\"swiper-slide-inner\"><img decoding=\"async\" class=\"swiper-slide-image\" src=\"https:\/\/hotelchinski.pl\/wp-content\/uploads\/2025\/10\/sala-lotos-006.jpg\" alt=\"sala lotos 006\" \/><\/figure><\/div><div class=\"swiper-slide\" role=\"group\" aria-roledescription=\"slide\" aria-label=\"4 z 9\"><figure class=\"swiper-slide-inner\"><img decoding=\"async\" class=\"swiper-slide-image\" src=\"https:\/\/hotelchinski.pl\/wp-content\/uploads\/2025\/10\/sala-lotos-007.jpg\" alt=\"sala lotos 007\" \/><\/figure><\/div><div class=\"swiper-slide\" role=\"group\" aria-roledescription=\"slide\" aria-label=\"5 z 9\"><figure class=\"swiper-slide-inner\"><img decoding=\"async\" class=\"swiper-slide-image\" src=\"https:\/\/hotelchinski.pl\/wp-content\/uploads\/2025\/10\/sala-lotos-008.jpg\" alt=\"sala lotos 008\" \/><\/figure><\/div><div class=\"swiper-slide\" role=\"group\" aria-roledescription=\"slide\" aria-label=\"6 z 9\"><figure class=\"swiper-slide-inner\"><img decoding=\"async\" class=\"swiper-slide-image\" src=\"https:\/\/hotelchinski.pl\/wp-content\/uploads\/2025\/10\/sala-lotos-009.jpg\" alt=\"sala lotos 009\" \/><\/figure><\/div><div class=\"swiper-slide\" role=\"group\" aria-roledescription=\"slide\" aria-label=\"7 z 9\"><figure class=\"swiper-slide-inner\"><img decoding=\"async\" class=\"swiper-slide-image\" src=\"https:\/\/hotelchinski.pl\/wp-content\/uploads\/2025\/10\/sala-lotos-001.jpg\" alt=\"sala lotos 001\" \/><\/figure><\/div><div class=\"swiper-slide\" role=\"group\" aria-roledescription=\"slide\" aria-label=\"8 z 9\"><figure class=\"swiper-slide-inner\"><img decoding=\"async\" class=\"swiper-slide-image\" src=\"https:\/\/hotelchinski.pl\/wp-content\/uploads\/2025\/10\/sala-lotos-002.jpg\" alt=\"sala lotos 002\" \/><\/figure><\/div><div class=\"swiper-slide\" role=\"group\" aria-roledescription=\"slide\" aria-label=\"9 z 9\"><figure class=\"swiper-slide-inner\"><img decoding=\"async\" class=\"swiper-slide-image\" src=\"https:\/\/hotelchinski.pl\/wp-content\/uploads\/2025\/10\/sala-lotos-003.jpg\" alt=\"sala lotos 003\" \/><\/figure><\/div>\t\t\t<\/div>\n\t\t\t\t\t\t\t\t\t\t\t\t<div class=\"elementor-swiper-button elementor-swiper-button-prev\" role=\"button\" tabindex=\"0\">\n\t\t\t\t\t\t<i aria-hidden=\"true\" class=\"eicon-chevron-left\"><\/i>\t\t\t\t\t<\/div>\n\t\t\t\t\t<div class=\"elementor-swiper-button elementor-swiper-button-next\" role=\"button\" tabindex=\"0\">\n\t\t\t\t\t\t<i aria-hidden=\"true\" class=\"eicon-chevron-right\"><\/i>\t\t\t\t\t<\/div>\n\t\t\t\t\n\t\t\t\t\t\t\t\t\t<\/div>\n\t\t\t\t\t\t<\/div>\n\t\t\t\t<\/div>\n\t\t\t\t\t<\/div>\n\t\t<\/div>\n\t\t\t\t<div class=\"elementor-column elementor-col-50 elementor-inner-column elementor-element elementor-element-fc78423\" data-id=\"fc78423\" data-element_type=\"column\" data-e-type=\"column\" data-settings=\"{&quot;background_background&quot;:&quot;classic&quot;}\">\n\t\t\t<div class=\"elementor-widget-wrap elementor-element-populated\">\n\t\t\t\t\t\t<div class=\"elementor-element elementor-element-37388e5 elementor-widget elementor-widget-heading\" data-id=\"37388e5\" data-element_type=\"widget\" data-e-type=\"widget\" data-widget_type=\"heading.default\">\n\t\t\t\t<div class=\"elementor-widget-container\">\n\t\t\t\t\t<p class=\"elementor-heading-title elementor-size-default\">Available layouts<\/p>\t\t\t\t<\/div>\n\t\t\t\t<\/div>\n\t\t\t\t<div class=\"elementor-element elementor-element-2c96455 elementor-icon-list--layout-traditional elementor-list-item-link-full_width elementor-widget elementor-widget-icon-list\" data-id=\"2c96455\" data-element_type=\"widget\" data-e-type=\"widget\" data-widget_type=\"icon-list.default\">\n\t\t\t\t<div class=\"elementor-widget-container\">\n\t\t\t\t\t\t\t<ul class=\"elementor-icon-list-items\">\n\t\t\t\t\t\t\t<li class=\"elementor-icon-list-item\">\n\t\t\t\t\t\t\t\t\t\t<span class=\"elementor-icon-list-text\">Theater style \u2013 up to 72 people<\/span>\n\t\t\t\t\t\t\t\t\t<\/li>\n\t\t\t\t\t\t\t\t<li class=\"elementor-icon-list-item\">\n\t\t\t\t\t\t\t\t\t\t<span class=\"elementor-icon-list-text\">Classroom style \u2013 up to 54 people<\/span>\n\t\t\t\t\t\t\t\t\t<\/li>\n\t\t\t\t\t\t\t\t<li class=\"elementor-icon-list-item\">\n\t\t\t\t\t\t\t\t\t\t<span class=\"elementor-icon-list-text\">U-shape \u2013 up to 32 people<\/span>\n\t\t\t\t\t\t\t\t\t<\/li>\n\t\t\t\t\t\t\t\t<li class=\"elementor-icon-list-item\">\n\t\t\t\t\t\t\t\t\t\t<span class=\"elementor-icon-list-text\">Boardroom style \u2013 up to 34 people<\/span>\n\t\t\t\t\t\t\t\t\t<\/li>\n\t\t\t\t\t\t<\/ul>\n\t\t\t\t\t\t<\/div>\n\t\t\t\t<\/div>\n\t\t\t\t<div class=\"elementor-element elementor-element-65e860f elementor-widget elementor-widget-image\" data-id=\"65e860f\" data-element_type=\"widget\" data-e-type=\"widget\" data-widget_type=\"image.default\">\n\t\t\t\t<div class=\"elementor-widget-container\">\n\t\t\t\t\t\t\t\t\t\t\t\t\t\t\t\t<a href=\"https:\/\/hotelchinski.pl\/wp-content\/uploads\/2025\/10\/sala-lotos-1.jpg\" data-elementor-open-lightbox=\"yes\" data-e-action-hash=\"#elementor-action%3Aaction%3Dlightbox%26settings%3DeyJpZCI6NjE0OCwidXJsIjoiaHR0cHM6XC9cL2hvdGVsY2hpbnNraS5wbFwvd3AtY29udGVudFwvdXBsb2Fkc1wvMjAyNVwvMTBcL3NhbGEtbG90b3MtMS5qcGcifQ%3D%3D\">\n\t\t\t\t\t\t\t<img fetchpriority=\"high\" decoding=\"async\" width=\"640\" height=\"427\" src=\"https:\/\/hotelchinski.pl\/wp-content\/uploads\/2025\/10\/sala-lotos-1-1024x683.jpg\" class=\"attachment-large size-large wp-image-6148\" alt=\"sala lotos\" srcset=\"https:\/\/hotelchinski.pl\/wp-content\/uploads\/2025\/10\/sala-lotos-1-1024x683.jpg 1024w, https:\/\/hotelchinski.pl\/wp-content\/uploads\/2025\/10\/sala-lotos-1-300x200.jpg 300w, https:\/\/hotelchinski.pl\/wp-content\/uploads\/2025\/10\/sala-lotos-1-768x512.jpg 768w, https:\/\/hotelchinski.pl\/wp-content\/uploads\/2025\/10\/sala-lotos-1-1536x1024.jpg 1536w, https:\/\/hotelchinski.pl\/wp-content\/uploads\/2025\/10\/sala-lotos-1-18x12.jpg 18w, https:\/\/hotelchinski.pl\/wp-content\/uploads\/2025\/10\/sala-lotos-1.jpg 1800w\" sizes=\"(max-width: 640px) 100vw, 640px\" \/>\t\t\t\t\t\t\t\t<\/a>\n\t\t\t\t\t\t\t\t\t\t\t\t\t\t\t<\/div>\n\t\t\t\t<\/div>\n\t\t\t\t\t<\/div>\n\t\t<\/div>\n\t\t\t\t\t<\/div>\n\t\t<\/section>\n\t\t\t\t\t<\/div>\n\t\t<\/div>\n\t\t\t\t\t<\/div>\n\t\t<\/section>\n\t\t\t\t<\/div>","protected":false},"excerpt":{"rendered":"<p>Sala konferencyjna Lotos Przestrze\u0144 z widokiem na Zatok\u0119 Gda\u0144sk\u0105 Szczeg\u00f3\u0142y Najwi\u0119ksza z sal konferencyjnych, Lotos, o powierzchni 85 m\u00b2, zachwyca przestronno\u015bci\u0105 i naturalnym \u015bwiat\u0142em dziennym. Jej ogromnym atutem jest panoramiczny widok na Zatok\u0119 Gda\u0144sk\u0105 oraz Park Po\u0142udniowy, kt\u00f3ry sprzyja koncentracji i tworzy wyj\u0105tkow\u0105 atmosfer\u0119 spotka\u0144. Sala wyposa\u017cona jest w projektor multimedialny, nag\u0142o\u015bnienie, mikrofony, flipchart, pilot [&hellip;]<\/p>\n","protected":false},"author":1,"featured_media":0,"parent":22,"menu_order":0,"comment_status":"closed","ping_status":"closed","template":"","meta":{"footnotes":""},"class_list":["post-6066","page","type-page","status-publish","hentry"],"_links":{"self":[{"href":"https:\/\/hotelchinski.pl\/en\/wp-json\/wp\/v2\/pages\/6066","targetHints":{"allow":["GET"]}}],"collection":[{"href":"https:\/\/hotelchinski.pl\/en\/wp-json\/wp\/v2\/pages"}],"about":[{"href":"https:\/\/hotelchinski.pl\/en\/wp-json\/wp\/v2\/types\/page"}],"author":[{"embeddable":true,"href":"https:\/\/hotelchinski.pl\/en\/wp-json\/wp\/v2\/users\/1"}],"replies":[{"embeddable":true,"href":"https:\/\/hotelchinski.pl\/en\/wp-json\/wp\/v2\/comments?post=6066"}],"version-history":[{"count":10,"href":"https:\/\/hotelchinski.pl\/en\/wp-json\/wp\/v2\/pages\/6066\/revisions"}],"predecessor-version":[{"id":6154,"href":"https:\/\/hotelchinski.pl\/en\/wp-json\/wp\/v2\/pages\/6066\/revisions\/6154"}],"up":[{"embeddable":true,"href":"https:\/\/hotelchinski.pl\/en\/wp-json\/wp\/v2\/pages\/22"}],"wp:attachment":[{"href":"https:\/\/hotelchinski.pl\/en\/wp-json\/wp\/v2\/media?parent=6066"}],"curies":[{"name":"wp","href":"https:\/\/api.w.org\/{rel}","templated":true}]}}