{"id":6081,"date":"2025-10-15T08:23:15","date_gmt":"2025-10-15T06:23:15","guid":{"rendered":"https:\/\/hotelchinski.pl\/?page_id=6081"},"modified":"2025-10-15T08:23:51","modified_gmt":"2025-10-15T06:23:51","slug":"sala-konferencyjna-orchidea","status":"publish","type":"page","link":"https:\/\/hotelchinski.pl\/en\/conferences\/sala-konferencyjna-orchidea\/","title":{"rendered":"Sala konferencyjna Orchidea"},"content":{"rendered":"<div data-elementor-type=\"wp-page\" data-elementor-id=\"6081\" class=\"elementor elementor-6081\" data-elementor-post-type=\"page\">\n\t\t\t\t\t\t<section class=\"elementor-section elementor-top-section elementor-element elementor-element-e4d8f45 elementor-section-height-min-height elementor-section-items-bottom elementor-section-boxed elementor-section-height-default\" data-id=\"e4d8f45\" data-element_type=\"section\" data-e-type=\"section\" data-settings=\"{&quot;background_background&quot;:&quot;classic&quot;}\">\n\t\t\t\t\t\t\t<div class=\"elementor-background-overlay\"><\/div>\n\t\t\t\t\t\t\t<div class=\"elementor-container elementor-column-gap-default\">\n\t\t\t\t\t<div class=\"elementor-column elementor-col-100 elementor-top-column elementor-element elementor-element-8a02605\" data-id=\"8a02605\" data-element_type=\"column\" data-e-type=\"column\">\n\t\t\t<div class=\"elementor-widget-wrap elementor-element-populated\">\n\t\t\t\t\t\t<div class=\"elementor-element elementor-element-3bfc36a elementor-widget elementor-widget-heading\" data-id=\"3bfc36a\" data-element_type=\"widget\" data-e-type=\"widget\" data-widget_type=\"heading.default\">\n\t\t\t\t<div class=\"elementor-widget-container\">\n\t\t\t\t\t<h1 class=\"elementor-heading-title elementor-size-default\"><small>Conference room<\/small> Orchidea<\/h1>\t\t\t\t<\/div>\n\t\t\t\t<\/div>\n\t\t\t\t<div class=\"elementor-element elementor-element-63f6efa accent-subpage elementor-widget elementor-widget-text-editor\" data-id=\"63f6efa\" data-element_type=\"widget\" data-e-type=\"widget\" data-widget_type=\"text-editor.default\">\n\t\t\t\t<div class=\"elementor-widget-container\">\n\t\t\t\t\t\t\t\t\t<p>An Intimate Space with a View of the Southern Park<\/p>\t\t\t\t\t\t\t\t<\/div>\n\t\t\t\t<\/div>\n\t\t\t\t\t<\/div>\n\t\t<\/div>\n\t\t\t\t\t<\/div>\n\t\t<\/section>\n\t\t\t\t<section class=\"elementor-section elementor-top-section elementor-element elementor-element-0a2fd43 elementor-section-boxed elementor-section-height-default elementor-section-height-default\" data-id=\"0a2fd43\" data-element_type=\"section\" data-e-type=\"section\" data-settings=\"{&quot;background_background&quot;:&quot;classic&quot;}\">\n\t\t\t\t\t\t<div class=\"elementor-container elementor-column-gap-default\">\n\t\t\t\t\t<div class=\"elementor-column elementor-col-100 elementor-top-column elementor-element elementor-element-5553885\" data-id=\"5553885\" data-element_type=\"column\" data-e-type=\"column\" data-settings=\"{&quot;background_background&quot;:&quot;classic&quot;}\">\n\t\t\t<div class=\"elementor-widget-wrap elementor-element-populated\">\n\t\t\t\t\t\t<div class=\"elementor-element elementor-element-7fcda04 elementor-widget elementor-widget-menu-anchor\" data-id=\"7fcda04\" data-element_type=\"widget\" data-e-type=\"widget\" data-widget_type=\"menu-anchor.default\">\n\t\t\t\t<div class=\"elementor-widget-container\">\n\t\t\t\t\t\t\t<div class=\"elementor-menu-anchor\" id=\"main\"><\/div>\n\t\t\t\t\t\t<\/div>\n\t\t\t\t<\/div>\n\t\t\t\t\t<\/div>\n\t\t<\/div>\n\t\t\t\t\t<\/div>\n\t\t<\/section>\n\t\t\t\t<section class=\"elementor-section elementor-top-section elementor-element elementor-element-65ef5a5 elementor-section-boxed elementor-section-height-default elementor-section-height-default\" data-id=\"65ef5a5\" data-element_type=\"section\" data-e-type=\"section\">\n\t\t\t\t\t\t<div class=\"elementor-container elementor-column-gap-default\">\n\t\t\t\t\t<div class=\"elementor-column elementor-col-100 elementor-top-column elementor-element elementor-element-51bce20\" data-id=\"51bce20\" data-element_type=\"column\" data-e-type=\"column\">\n\t\t\t<div class=\"elementor-widget-wrap elementor-element-populated\">\n\t\t\t\t\t\t<section class=\"elementor-section elementor-inner-section elementor-element elementor-element-a953e93 elementor-section-boxed elementor-section-height-default elementor-section-height-default\" data-id=\"a953e93\" data-element_type=\"section\" data-e-type=\"section\">\n\t\t\t\t\t\t<div class=\"elementor-container elementor-column-gap-wider\">\n\t\t\t\t\t<div class=\"elementor-column elementor-col-50 elementor-inner-column elementor-element elementor-element-dbd4784\" data-id=\"dbd4784\" data-element_type=\"column\" data-e-type=\"column\">\n\t\t\t<div class=\"elementor-widget-wrap elementor-element-populated\">\n\t\t\t\t\t\t<div class=\"elementor-element elementor-element-e1dce12 elementor-widget elementor-widget-heading\" data-id=\"e1dce12\" data-element_type=\"widget\" data-e-type=\"widget\" data-widget_type=\"heading.default\">\n\t\t\t\t<div class=\"elementor-widget-container\">\n\t\t\t\t\t<p class=\"elementor-heading-title elementor-size-default\">Details<\/p>\t\t\t\t<\/div>\n\t\t\t\t<\/div>\n\t\t\t\t<div class=\"elementor-element elementor-element-9b91494 elementor-widget elementor-widget-text-editor\" data-id=\"9b91494\" data-element_type=\"widget\" data-e-type=\"widget\" data-widget_type=\"text-editor.default\">\n\t\t\t\t<div class=\"elementor-widget-container\">\n\t\t\t\t\t\t\t\t\t<p>With an area of 36 m\u00b2, the Orchidea Room is perfect for small trainings, workshops, or business meetings. Its greatest advantage is the view of the greenery of the Southern Park, which gives every event a calm and inspiring atmosphere.<\/p><p>The room is equipped with <strong>a 75-inch TV screen<\/strong>, <strong>flipchart<\/strong>, <strong>multimedia remote control<\/strong> and <strong>Wi-Fi access<\/strong>.<\/p><p>Large windows fill the interior with natural daylight, creating comfortable working conditions.<\/p>\t\t\t\t\t\t\t\t<\/div>\n\t\t\t\t<\/div>\n\t\t\t\t<div class=\"elementor-element elementor-element-f1c5e11 elementor-arrows-position-inside elementor-widget elementor-widget-image-carousel\" data-id=\"f1c5e11\" data-element_type=\"widget\" data-e-type=\"widget\" data-settings=\"{&quot;slides_to_show&quot;:&quot;1&quot;,&quot;slides_to_show_tablet&quot;:&quot;1&quot;,&quot;navigation&quot;:&quot;arrows&quot;,&quot;autoplay&quot;:&quot;yes&quot;,&quot;pause_on_hover&quot;:&quot;yes&quot;,&quot;pause_on_interaction&quot;:&quot;yes&quot;,&quot;autoplay_speed&quot;:5000,&quot;infinite&quot;:&quot;yes&quot;,&quot;effect&quot;:&quot;slide&quot;,&quot;speed&quot;:500}\" data-widget_type=\"image-carousel.default\">\n\t\t\t\t<div class=\"elementor-widget-container\">\n\t\t\t\t\t\t\t<div class=\"elementor-image-carousel-wrapper swiper\" role=\"region\" aria-roledescription=\"carousel\" aria-label=\"Karuzela obrazk\u00f3w\" dir=\"ltr\">\n\t\t\t<div class=\"elementor-image-carousel swiper-wrapper swiper-image-stretch\" aria-live=\"off\">\n\t\t\t\t\t\t\t\t<div class=\"swiper-slide\" role=\"group\" aria-roledescription=\"slide\" aria-label=\"1 of 11\"><figure class=\"swiper-slide-inner\"><img decoding=\"async\" class=\"swiper-slide-image\" src=\"https:\/\/hotelchinski.pl\/wp-content\/uploads\/2025\/10\/sala-orchidea-011.jpg\" alt=\"sala orchidea 011\" \/><\/figure><\/div><div class=\"swiper-slide\" role=\"group\" aria-roledescription=\"slide\" aria-label=\"2 of 11\"><figure class=\"swiper-slide-inner\"><img decoding=\"async\" class=\"swiper-slide-image\" src=\"https:\/\/hotelchinski.pl\/wp-content\/uploads\/2025\/10\/sala-orchidea-001.jpg\" alt=\"sala orchidea 001\" \/><\/figure><\/div><div class=\"swiper-slide\" role=\"group\" aria-roledescription=\"slide\" aria-label=\"3 of 11\"><figure class=\"swiper-slide-inner\"><img decoding=\"async\" class=\"swiper-slide-image\" src=\"https:\/\/hotelchinski.pl\/wp-content\/uploads\/2025\/10\/sala-orchidea-002.jpg\" alt=\"sala orchidea 002\" \/><\/figure><\/div><div class=\"swiper-slide\" role=\"group\" aria-roledescription=\"slide\" aria-label=\"4 of 11\"><figure class=\"swiper-slide-inner\"><img decoding=\"async\" class=\"swiper-slide-image\" src=\"https:\/\/hotelchinski.pl\/wp-content\/uploads\/2025\/10\/sala-orchidea-003.jpg\" alt=\"sala orchidea 003\" \/><\/figure><\/div><div class=\"swiper-slide\" role=\"group\" aria-roledescription=\"slide\" aria-label=\"5 of 11\"><figure class=\"swiper-slide-inner\"><img decoding=\"async\" class=\"swiper-slide-image\" src=\"https:\/\/hotelchinski.pl\/wp-content\/uploads\/2025\/10\/sala-orchidea-004.jpg\" alt=\"sala orchidea 004\" \/><\/figure><\/div><div class=\"swiper-slide\" role=\"group\" aria-roledescription=\"slide\" aria-label=\"6 of 11\"><figure class=\"swiper-slide-inner\"><img decoding=\"async\" class=\"swiper-slide-image\" src=\"https:\/\/hotelchinski.pl\/wp-content\/uploads\/2025\/10\/sala-orchidea-005.jpg\" alt=\"sala orchidea 005\" \/><\/figure><\/div><div class=\"swiper-slide\" role=\"group\" aria-roledescription=\"slide\" aria-label=\"7 of 11\"><figure class=\"swiper-slide-inner\"><img decoding=\"async\" class=\"swiper-slide-image\" src=\"https:\/\/hotelchinski.pl\/wp-content\/uploads\/2025\/10\/sala-orchidea-006.jpg\" alt=\"sala orchidea 006\" \/><\/figure><\/div><div class=\"swiper-slide\" role=\"group\" aria-roledescription=\"slide\" aria-label=\"8 of 11\"><figure class=\"swiper-slide-inner\"><img decoding=\"async\" class=\"swiper-slide-image\" src=\"https:\/\/hotelchinski.pl\/wp-content\/uploads\/2025\/10\/sala-orchidea-007.jpg\" alt=\"sala orchidea 007\" \/><\/figure><\/div><div class=\"swiper-slide\" role=\"group\" aria-roledescription=\"slide\" aria-label=\"9 of 11\"><figure class=\"swiper-slide-inner\"><img decoding=\"async\" class=\"swiper-slide-image\" src=\"https:\/\/hotelchinski.pl\/wp-content\/uploads\/2025\/10\/sala-orchidea-008.jpg\" alt=\"sala orchidea 008\" \/><\/figure><\/div><div class=\"swiper-slide\" role=\"group\" aria-roledescription=\"slide\" aria-label=\"10 of 11\"><figure class=\"swiper-slide-inner\"><img decoding=\"async\" class=\"swiper-slide-image\" src=\"https:\/\/hotelchinski.pl\/wp-content\/uploads\/2025\/10\/sala-orchidea-009.jpg\" alt=\"sala orchidea 009\" \/><\/figure><\/div><div class=\"swiper-slide\" role=\"group\" aria-roledescription=\"slide\" aria-label=\"11 of 11\"><figure class=\"swiper-slide-inner\"><img decoding=\"async\" class=\"swiper-slide-image\" src=\"https:\/\/hotelchinski.pl\/wp-content\/uploads\/2025\/10\/sala-orchidea-010.jpg\" alt=\"sala orchidea 010\" \/><\/figure><\/div>\t\t\t<\/div>\n\t\t\t\t\t\t\t\t\t\t\t\t<div class=\"elementor-swiper-button elementor-swiper-button-prev\" role=\"button\" tabindex=\"0\">\n\t\t\t\t\t\t<i aria-hidden=\"true\" class=\"eicon-chevron-left\"><\/i>\t\t\t\t\t<\/div>\n\t\t\t\t\t<div class=\"elementor-swiper-button elementor-swiper-button-next\" role=\"button\" tabindex=\"0\">\n\t\t\t\t\t\t<i aria-hidden=\"true\" class=\"eicon-chevron-right\"><\/i>\t\t\t\t\t<\/div>\n\t\t\t\t\n\t\t\t\t\t\t\t\t\t<\/div>\n\t\t\t\t\t\t<\/div>\n\t\t\t\t<\/div>\n\t\t\t\t\t<\/div>\n\t\t<\/div>\n\t\t\t\t<div class=\"elementor-column elementor-col-50 elementor-inner-column elementor-element elementor-element-2f00088\" data-id=\"2f00088\" data-element_type=\"column\" data-e-type=\"column\" data-settings=\"{&quot;background_background&quot;:&quot;classic&quot;}\">\n\t\t\t<div class=\"elementor-widget-wrap elementor-element-populated\">\n\t\t\t\t\t\t<div class=\"elementor-element elementor-element-66625b7 elementor-widget elementor-widget-heading\" data-id=\"66625b7\" data-element_type=\"widget\" data-e-type=\"widget\" data-widget_type=\"heading.default\">\n\t\t\t\t<div class=\"elementor-widget-container\">\n\t\t\t\t\t<p class=\"elementor-heading-title elementor-size-default\">Available layouts<\/p>\t\t\t\t<\/div>\n\t\t\t\t<\/div>\n\t\t\t\t<div class=\"elementor-element elementor-element-19c1e0a elementor-icon-list--layout-traditional elementor-list-item-link-full_width elementor-widget elementor-widget-icon-list\" data-id=\"19c1e0a\" data-element_type=\"widget\" data-e-type=\"widget\" data-widget_type=\"icon-list.default\">\n\t\t\t\t<div class=\"elementor-widget-container\">\n\t\t\t\t\t\t\t<ul class=\"elementor-icon-list-items\">\n\t\t\t\t\t\t\t<li class=\"elementor-icon-list-item\">\n\t\t\t\t\t\t\t\t\t\t<span class=\"elementor-icon-list-text\">Theater style \u2013 up to 20 people<\/span>\n\t\t\t\t\t\t\t\t\t<\/li>\n\t\t\t\t\t\t\t\t<li class=\"elementor-icon-list-item\">\n\t\t\t\t\t\t\t\t\t\t<span class=\"elementor-icon-list-text\">Classroom style \u2013 up to 12 people<\/span>\n\t\t\t\t\t\t\t\t\t<\/li>\n\t\t\t\t\t\t\t\t<li class=\"elementor-icon-list-item\">\n\t\t\t\t\t\t\t\t\t\t<span class=\"elementor-icon-list-text\">U-shape \u2013 up to 12 people<\/span>\n\t\t\t\t\t\t\t\t\t<\/li>\n\t\t\t\t\t\t\t\t<li class=\"elementor-icon-list-item\">\n\t\t\t\t\t\t\t\t\t\t<span class=\"elementor-icon-list-text\">Boardroom style \u2013 up to 20 people<\/span>\n\t\t\t\t\t\t\t\t\t<\/li>\n\t\t\t\t\t\t<\/ul>\n\t\t\t\t\t\t<\/div>\n\t\t\t\t<\/div>\n\t\t\t\t<div class=\"elementor-element elementor-element-baccb38 elementor-widget elementor-widget-image\" data-id=\"baccb38\" data-element_type=\"widget\" data-e-type=\"widget\" data-widget_type=\"image.default\">\n\t\t\t\t<div class=\"elementor-widget-container\">\n\t\t\t\t\t\t\t\t\t\t\t\t\t\t\t\t<a href=\"https:\/\/hotelchinski.pl\/wp-content\/uploads\/2025\/10\/sala-orchidea.jpg\" data-elementor-open-lightbox=\"yes\" data-e-action-hash=\"#elementor-action%3Aaction%3Dlightbox%26settings%3DeyJpZCI6NjA4MywidXJsIjoiaHR0cHM6XC9cL2hvdGVsY2hpbnNraS5wbFwvd3AtY29udGVudFwvdXBsb2Fkc1wvMjAyNVwvMTBcL3NhbGEtb3JjaGlkZWEuanBnIn0%3D\">\n\t\t\t\t\t\t\t<img fetchpriority=\"high\" decoding=\"async\" width=\"640\" height=\"427\" src=\"https:\/\/hotelchinski.pl\/wp-content\/uploads\/2025\/10\/sala-orchidea-1024x683.jpg\" class=\"attachment-large size-large wp-image-6083\" alt=\"sala orchidea\" srcset=\"https:\/\/hotelchinski.pl\/wp-content\/uploads\/2025\/10\/sala-orchidea-1024x683.jpg 1024w, https:\/\/hotelchinski.pl\/wp-content\/uploads\/2025\/10\/sala-orchidea-300x200.jpg 300w, https:\/\/hotelchinski.pl\/wp-content\/uploads\/2025\/10\/sala-orchidea-768x512.jpg 768w, https:\/\/hotelchinski.pl\/wp-content\/uploads\/2025\/10\/sala-orchidea-1536x1024.jpg 1536w, https:\/\/hotelchinski.pl\/wp-content\/uploads\/2025\/10\/sala-orchidea-18x12.jpg 18w, https:\/\/hotelchinski.pl\/wp-content\/uploads\/2025\/10\/sala-orchidea.jpg 1800w\" sizes=\"(max-width: 640px) 100vw, 640px\" \/>\t\t\t\t\t\t\t\t<\/a>\n\t\t\t\t\t\t\t\t\t\t\t\t\t\t\t<\/div>\n\t\t\t\t<\/div>\n\t\t\t\t\t<\/div>\n\t\t<\/div>\n\t\t\t\t\t<\/div>\n\t\t<\/section>\n\t\t\t\t\t<\/div>\n\t\t<\/div>\n\t\t\t\t\t<\/div>\n\t\t<\/section>\n\t\t\t\t<\/div>","protected":false},"excerpt":{"rendered":"<p>Sala konferencyjna Orchidea Kameralna przestrze\u0144 z widokiem na Park Po\u0142udniowy Szczeg\u00f3\u0142y Orchidea o powierzchni 36 m\u00b2 to sala doskona\u0142a do kameralnych szkole\u0144, warsztat\u00f3w czy spotka\u0144 biznesowych. Jej ogromnym atutem jest widok na ziele\u0144 Parku Po\u0142udniowego, kt\u00f3ry nadaje wydarzeniom spokojny i inspiruj\u0105cy charakter. Wyposa\u017cenie obejmuje 75-calowy ekran TV, flipchart, pilot multimedialny oraz dost\u0119p do Wi-Fi. Dzi\u0119ki [&hellip;]<\/p>\n","protected":false},"author":1,"featured_media":0,"parent":22,"menu_order":0,"comment_status":"closed","ping_status":"closed","template":"","meta":{"footnotes":""},"class_list":["post-6081","page","type-page","status-publish","hentry"],"_links":{"self":[{"href":"https:\/\/hotelchinski.pl\/en\/wp-json\/wp\/v2\/pages\/6081","targetHints":{"allow":["GET"]}}],"collection":[{"href":"https:\/\/hotelchinski.pl\/en\/wp-json\/wp\/v2\/pages"}],"about":[{"href":"https:\/\/hotelchinski.pl\/en\/wp-json\/wp\/v2\/types\/page"}],"author":[{"embeddable":true,"href":"https:\/\/hotelchinski.pl\/en\/wp-json\/wp\/v2\/users\/1"}],"replies":[{"embeddable":true,"href":"https:\/\/hotelchinski.pl\/en\/wp-json\/wp\/v2\/comments?post=6081"}],"version-history":[{"count":4,"href":"https:\/\/hotelchinski.pl\/en\/wp-json\/wp\/v2\/pages\/6081\/revisions"}],"predecessor-version":[{"id":6100,"href":"https:\/\/hotelchinski.pl\/en\/wp-json\/wp\/v2\/pages\/6081\/revisions\/6100"}],"up":[{"embeddable":true,"href":"https:\/\/hotelchinski.pl\/en\/wp-json\/wp\/v2\/pages\/22"}],"wp:attachment":[{"href":"https:\/\/hotelchinski.pl\/en\/wp-json\/wp\/v2\/media?parent=6081"}],"curies":[{"name":"wp","href":"https:\/\/api.w.org\/{rel}","templated":true}]}}